{"id":21,"date":"2010-03-03T08:29:16","date_gmt":"2010-03-03T06:29:16","guid":{"rendered":"http:\/\/www.positivewave.net\/test\/?page_id=21"},"modified":"2026-02-12T17:27:45","modified_gmt":"2026-02-12T15:27:45","slug":"keikat","status":"publish","type":"page","link":"https:\/\/www.positivewave.net\/?page_id=21","title":{"rendered":"keikat"},"content":{"rendered":"<p><a href=\"https:\/\/www.positivewave.net\/wp-content\/uploads\/2023\/01\/img_1_1673452233441.jpg\"><img loading=\"lazy\" decoding=\"async\" class=\"alignright wp-image-660\" src=\"https:\/\/www.positivewave.net\/wp-content\/uploads\/2023\/01\/img_1_1673452233441.jpg\" alt=\"\" width=\"278\" height=\"135\" \/><\/a><\/p>\n<p><strong>POSITIVE WAVE KEIKALLE?<\/strong><\/p>\n<p>ota yhteytt\u00e4!<\/p>\n<p><strong><br \/>\nTULEVAT KEIKAT<\/strong><\/p>\n<p>5.8.2026 <a href=\"https:\/\/www.sykettajasinfoniaa.fi\/\" target=\"_blank\" rel=\"noopener\">Positive Wave J\u00e4rvenp\u00e4\u00e4n keskiviikkokirppiksell\u00e4<\/a><br \/>\nK\u00e4velykatu Janne, J\u00e4rvenp\u00e4\u00e4. Soitamme seitsem\u00e4n aikaan, tervetuloa!<\/p>\n<p><strong>KEIKKAHISTORIA<\/strong><br \/>\nPieni musiikki-ilta, Ravintola Sylvi, Helsinki (28.1.2026)<br \/>\nHelsinki Psych club vol. 3, The Cliff, Helsinki (31.10.2025)<br \/>\nLove Potion Psych Fest, Helsinki (11.1.2025)<br \/>\nHumu-fest, Kuopio (28.9.2024)<br \/>\nRavintola K\u00e4pygrilli, Helsinki (7.8.2024)<br \/>\nKaekuu Festival, Lohilammen taidenavetta, Sammatti (27.7.2024)<br \/>\nEspan Lava, Helsinki (17.5.2024)<br \/>\nSwamp Roots Festival, Playhouse Bar, Helsinki (17.6.2023)<br \/>\nTapahtumatila Kupla, Espoo (27.5.2023)<br \/>\nPub Norris, Karjaa (15.4.2023)<br \/>\nRavintolalaiva W\u00e4iski, Helsinki (18.3.2023)<br \/>\nJani in memoriam, Pub Olarin Ossi, Espoo (26.11.2022)<br \/>\nAslak and The Eskimos -klubi, Kuohijoki (19.6.2021)<br \/>\nSuvelan Basaari, Espoo (12.9.2020)<br \/>\nUntil Further Notice-club K\u00e4pygrilli, Helsinki (9.9.2020)<br \/>\nAslak and The Eskimos -klubi, Kuohijoki (4.7.2020)<br \/>\nNosturi, Helsinki (30.11.2019)<br \/>\nHanhijamit &#8211; progressiivisen musiikin iltama Maunula-talossa, Helsinki (9.11.2018)<br \/>\nMino Fest, Kalliolan Setlementtitalo, Helsinki (20.10.2018)<br \/>\nRavintola Cactus, Helsinki (24.8.2018)<br \/>\nProgressive Full Moon Evening in Maunula-talo, Helsinki (3.3.2018)<br \/>\nFaces-festivaali 2016, Fiskars (9.8.2016)<br \/>\nOlutravintola Jano, Helsinki (18.6.2016)<br \/>\nK\u00e4pyl\u00e4n kyl\u00e4juhlat, Helsinki (6.6.2015)<br \/>\nYksityistilaisuus, Koko Jazz Club, Helsinki (5.6.2015)<br \/>\nOulunkyl\u00e4n puistopiknik, Helsinki (23.8.2014)<br \/>\nFaces 2014 (mukautettu kokoonpano), Raaseporin linna, Raasepori (9.8.2014)<br \/>\nVadelma Fest &#8217;14, Alppipuisto, Helsinki (27.7.2014)<br \/>\nSobernaut Party, Kalliolan Setlementtitalo Helsinki (29.5.2014)<br \/>\nSture 21, Helsinki (11.1.2014)<br \/>\nEspoo-p\u00e4iv\u00e4, Espoo (31.8.2013)<br \/>\nFaces-festivaali, Gumn\u00e4s (4.8.2013)<br \/>\nH\u00e4meenlinnan tori (20.7.2013)<br \/>\nEspan lava, Helsinki (15.5.2013)<br \/>\nSture 21, Helsinki (12.4.2013)<br \/>\nSture 21, Helsinki (3.11.2012)<br \/>\nKekri-juhla, Taidetehdas, Porvoo (27.10.2012)<br \/>\nAavelaiva, Sompasaari, Helsinki (23.8.2012)<br \/>\nToritanssit, H\u00e4meenlinna (7.7.2012)<br \/>\nEspan lava, Helsinki (30.6.2012)<br \/>\nPub Norris, Karjaa (31.3.2012)<br \/>\nSuomiproge-ilta, Base, Helsinki (9.11.2011)<br \/>\nVadelmaklubi, Semifinal, Helsinki (26.10.2011)<br \/>\nYksityistilaisuus, Helsinki (24.9.2011)<br \/>\nEspan lava, Helsinki (3.8.2011)<br \/>\nVadelma Fest &#8217;11, Club Libert\u00e9, Helsinki (9.7.2011)<br \/>\nPax-festivaali, Alppipuisto, Helsinki (2.7.2011)<br \/>\nKevad Proge-festivaali, Samliku, Eesti (4.6.2011)<br \/>\nKallio Kukkii 2011, Helsinki (21.5.2011)<br \/>\n&#8220;Unplugged&#8221;, Ravintolalaiva W\u00e4iski, Helsinki (4.9.2010)<br \/>\nLevynjuhlintakeikka, Ravintola Belly, Helsinki (2.9.2010)<br \/>\nEloliirumit &amp; Venetsialaiset, Kokem\u00e4ki (28.8.2010)<br \/>\nClub Libert\u00e9, Helsinki (6.8.2010)<br \/>\nFaces 2010, Gumn\u00e4s (23.7.2010)<br \/>\nEspan lava, Helsinki (21.7.2010)<br \/>\nKukintofest, Nurmij\u00e4rvi (4.6.2010)<br \/>\nSemifinal, Helsinki (18.2.2010)<br \/>\nClub Libert\u00e9, Helsinki (4.11.2009)<br \/>\nEl\u00e4mys Express 5-v, Porvoo (8.8.2009)<br \/>\nEspan lava, Helsinki (8.8.2009)<br \/>\nVadelma-fest, Pirun paja, Nurmij\u00e4rvi (6.6.2009)<br \/>\nKallio Kukkii-festivaali, Helsinki (16.5.2009)<br \/>\nLuovaamo-klubi, Bar Toimisto, Turku (6.2.2009)<br \/>\nPositive Waven 10-vuotisjuhlat, Ravintolaiva W\u00e4iski, Helsinki (15.11.2008)<br \/>\nVadelmafest 2008, Rajatila, Helsinki (23.8.2008)<br \/>\nEspan lava, Helsinki (11.8.2008)<br \/>\nLepakkomies, Helsinki (6.8.2008)<br \/>\nAslak &amp; The Eskimos -klubi, Kuohijoki (18.8.2007)<br \/>\nEspan lava, Helsinki (10.7.2007)<br \/>\nVadelmafest 2007, Harjun nuorisotalo, Helsinki (9.6.2007)<br \/>\nVadelma kukkii-festivaali, Alppipuisto, Helsinki (12.5.2007)<br \/>\nRavintola Turkoosi, Helsinki (talvi 2006)<br \/>\nAslak &amp; The Eskimos klubi, Kuohijoki (kes\u00e4 2006)<br \/>\nFaces 2006 &#8211; etnofestivaalit, Karjaa (kes\u00e4 2006, Rantalava)<br \/>\nUusi ylioppilastalo, Helsinki (talvi 2006)<br \/>\nOnni-festivaali, Ravintolalaiva W\u00e4iski, Helsinki (syksy 2005)<br \/>\nVadelma klubi, Gloria, Helsinki (kev\u00e4t 2005)<br \/>\nAslak &amp; The Eskimos klubi, Kuohijoki (kes\u00e4 2004)<br \/>\nRavintola Laguna, Espoo (kev\u00e4t 2004)<br \/>\nRavintola Painobaari, Helsinki (syksy 2003)<br \/>\nAslak &amp; The Eskimos -klubi, Kuohijoki (kev\u00e4t 2003)<br \/>\nRavintola Henrik, Helsinki (kes\u00e4 2003)<br \/>\nRavintola Factory, Helsinki (kes\u00e4 2002)<br \/>\nRavintola Painobar, Helsinki (kes\u00e4 2002)<br \/>\nRavintola Alahuone, Helsinki (kes\u00e4 2002)<br \/>\nRavintola Henrik, Helsinki (kes\u00e4 2002)<br \/>\n&#8220;Winds Of Change&#8221; concert for World Peace, Ravintola Kaisaniemi, Helsinki (syksy 2001)<br \/>\nFaces 2001 &#8211; etnofestivaalit, Karjaa (kes\u00e4 2001, Rantalava)<br \/>\nTapiola Amfi, Espoo (kes\u00e4 2001, ulkolava)<br \/>\nRavintola Many Faces, Helsinki (kes\u00e4 2001)<br \/>\nEaster Resurrection Party &#8211; ravintola Kaisaniemi, Helsinki (kev\u00e4t2001)<br \/>\nRavintola Henrik, Helsinki (syksy 2000)<br \/>\nFaces 2000 &#8211; etnofestivaalit, Karjaa (kes\u00e4 2000, ulkolava)<br \/>\nNokia Summer Party, Espoo (kes\u00e4 2000, ulkolava)<br \/>\nRavintola Henrik, Helsinki (kev\u00e4t 2000)<br \/>\nFunk Factory @ Kaapelitehdas, Helsinki (talvi 2000)<br \/>\nRavintola Road House, Helsinki (syksy 1999)<br \/>\nTapiola Amfi, Espoo (kes\u00e4 1999, ulkolava)<br \/>\nRavintola Caf\u00e9 52, Helsinki (kev\u00e4t 1999)<br \/>\nRavintola Henrik (talvi 1999)<\/p>\n","protected":false},"excerpt":{"rendered":"<p>POSITIVE WAVE KEIKALLE? ota yhteytt\u00e4! TULEVAT KEIKAT 5.8.2026 Positive Wave J\u00e4rvenp\u00e4\u00e4n keskiviikkokirppiksell\u00e4 K\u00e4velykatu Janne, J\u00e4rvenp\u00e4\u00e4. Soitamme seitsem\u00e4n aikaan, tervetuloa! KEIKKAHISTORIA Pieni musiikki-ilta, Ravintola Sylvi, Helsinki (28.1.2026) Helsinki Psych club vol.<\/p>\n<p class=\"more-link\"><a href=\"https:\/\/www.positivewave.net\/?page_id=21\" class=\"readmore\">Continue reading<span class=\"screen-reader-text\">keikat<\/span><\/a><\/p>\n","protected":false},"author":1,"featured_media":0,"parent":0,"menu_order":45,"comment_status":"closed","ping_status":"closed","template":"","meta":{"footnotes":""},"class_list":["post-21","page","type-page","status-publish","hentry"],"_links":{"self":[{"href":"https:\/\/www.positivewave.net\/index.php?rest_route=\/wp\/v2\/pages\/21","targetHints":{"allow":["GET"]}}],"collection":[{"href":"https:\/\/www.positivewave.net\/index.php?rest_route=\/wp\/v2\/pages"}],"about":[{"href":"https:\/\/www.positivewave.net\/index.php?rest_route=\/wp\/v2\/types\/page"}],"author":[{"embeddable":true,"href":"https:\/\/www.positivewave.net\/index.php?rest_route=\/wp\/v2\/users\/1"}],"replies":[{"embeddable":true,"href":"https:\/\/www.positivewave.net\/index.php?rest_route=%2Fwp%2Fv2%2Fcomments&post=21"}],"version-history":[{"count":234,"href":"https:\/\/www.positivewave.net\/index.php?rest_route=\/wp\/v2\/pages\/21\/revisions"}],"predecessor-version":[{"id":770,"href":"https:\/\/www.positivewave.net\/index.php?rest_route=\/wp\/v2\/pages\/21\/revisions\/770"}],"wp:attachment":[{"href":"https:\/\/www.positivewave.net\/index.php?rest_route=%2Fwp%2Fv2%2Fmedia&parent=21"}],"curies":[{"name":"wp","href":"https:\/\/api.w.org\/{rel}","templated":true}]}}